{"id":3,"date":"2025-01-28T20:51:12","date_gmt":"2025-01-28T20:51:12","guid":{"rendered":"http:\/\/test.heizungsbau-schaefer.de\/?page_id=3"},"modified":"2026-01-22T12:57:16","modified_gmt":"2026-01-22T12:57:16","slug":"privacy-policy","status":"publish","type":"page","link":"https:\/\/heizungsbau-schaefer.de\/?page_id=3","title":{"rendered":"Privacy Policy"},"content":{"rendered":"\t\t<div data-elementor-type=\"wp-page\" data-elementor-id=\"3\" class=\"elementor elementor-3\">\n\t\t\t\t<div class=\"elementor-element elementor-element-376b5f33 e-flex e-con-boxed e-con e-parent\" data-id=\"376b5f33\" data-element_type=\"container\" data-e-type=\"container\">\n\t\t\t\t\t<div class=\"e-con-inner\">\n\t\t\t\t<div class=\"elementor-element elementor-element-7c761bc1 elementor-widget elementor-widget-text-editor\" data-id=\"7c761bc1\" data-element_type=\"widget\" data-e-type=\"widget\" data-widget_type=\"text-editor.default\">\n\t\t\t\t\t\t\t\t\t<h1 style=\"color: #000000;\" data-start=\"303\" data-end=\"314\">Impressum<\/h1>\n<div>&nbsp;<\/div>\n<h4 style=\"color: #000000;\" data-start=\"316\" data-end=\"366\">Angaben gem\u00e4\u00df \u00a7 5 Digitale-Dienste-Gesetz (DDG)<\/h4>\n<div>&nbsp;<\/div>\n<p style=\"font-size: medium; font-weight: 400;\" data-start=\"368\" data-end=\"457\"><strong data-start=\"368\" data-end=\"409\">Manfred Sch\u00e4fer GmbH<\/strong><br data-start=\"409\" data-end=\"412\">Heizungsbau \u00b7 Gas- und Wasserinstallationen<\/p>\n<p style=\"font-size: medium; font-weight: 400;\" data-start=\"459\" data-end=\"509\">Kolpingstra\u00dfe 2<br data-start=\"474\" data-end=\"477\">76831 G\u00f6cklingen<br data-start=\"493\" data-end=\"496\">Deutschland<\/p>\n<p style=\"font-size: medium; font-weight: 400;\" data-start=\"511\" data-end=\"619\"><strong data-start=\"511\" data-end=\"523\">Telefon:<\/strong> +49 (0) 6349 8573<br data-start=\"541\" data-end=\"544\"><strong data-start=\"544\" data-end=\"556\">Telefax:<\/strong> +49 (0) 6349 6732<br data-start=\"574\" data-end=\"577\"><strong data-start=\"577\" data-end=\"588\">E-Mail:<\/strong> <a rel=\"noopener\" data-start=\"589\" data-end=\"617\">info@heizungsbau-schaefer.de<\/a><\/p>\n<hr style=\"font-size: medium; font-weight: 400;\" data-start=\"621\" data-end=\"624\">\n<h4 style=\"color: #000000;\" data-start=\"626\" data-end=\"668\">Vertretungsberechtigter Gesch\u00e4ftsf\u00fchrer<\/h4>\n<p style=\"font-size: medium; font-weight: 400;\" data-start=\"670\" data-end=\"688\">Martin Sch\u00e4fer<\/p>\n<hr style=\"font-size: medium; font-weight: 400;\" data-start=\"690\" data-end=\"693\">\n<h4 style=\"color: #000000;\" data-start=\"695\" data-end=\"713\">Registereintrag<\/h4>\n<div>&nbsp;<\/div>\n<p style=\"font-size: medium; font-weight: 400;\" data-start=\"715\" data-end=\"824\">Eintragung im Handelsregister<br data-start=\"744\" data-end=\"747\">Registergericht: Amtsgericht Landau in der Pfalz<br data-start=\"795\" data-end=\"798\">Registernummer: HRB 1982<\/p>\n<hr style=\"font-size: medium; font-weight: 400;\" data-start=\"826\" data-end=\"829\">\n<h4 style=\"color: #000000;\" data-start=\"831\" data-end=\"846\">Umsatzsteuer<\/h4>\n<div>&nbsp;<\/div>\n<p style=\"font-size: medium; font-weight: 400;\" data-start=\"848\" data-end=\"933\">Umsatzsteuer-Identifikationsnummer gem\u00e4\u00df \u00a7 27a Umsatzsteuergesetz:<\/p>\n<p style=\"font-size: medium;\" data-start=\"848\" data-end=\"933\"><span data-start=\"917\" data-end=\"933\" style=\"\">DE 148931878<\/span><\/p>\n<hr style=\"font-size: medium; font-weight: 400;\" data-start=\"935\" data-end=\"938\">\n<h4 style=\"color: #000000;\" data-start=\"940\" data-end=\"982\">Zust\u00e4ndige Aufsichts- und Kammerbeh\u00f6rde<\/h4>\n<div>&nbsp;<\/div>\n<p style=\"font-size: medium; font-weight: 400;\" data-start=\"984\" data-end=\"1090\"><strong data-start=\"984\" data-end=\"1015\">Zust\u00e4ndige Handwerkskammer:<\/strong><br data-start=\"1015\" data-end=\"1018\">Handwerkskammer Kaiserslautern<br data-start=\"1048\" data-end=\"1051\">Am Altenhof 15<br data-start=\"1065\" data-end=\"1068\">67655 Kaiserslautern<\/p>\n<p style=\"font-size: medium; font-weight: 400;\" data-start=\"1092\" data-end=\"1185\"><strong data-start=\"1092\" data-end=\"1114\">Berufsbezeichnung:<\/strong><br data-start=\"1114\" data-end=\"1117\">Heizungsbauermeister<br data-start=\"1137\" data-end=\"1140\">(verliehen in der Bundesrepublik Deutschland)<\/p>\n<p style=\"font-size: medium; font-weight: 400;\" data-start=\"1187\" data-end=\"1304\"><strong data-start=\"1187\" data-end=\"1219\">Berufsrechtliche Regelungen:<\/strong><br data-start=\"1219\" data-end=\"1222\">Handwerksordnung (HwO)<br data-start=\"1244\" data-end=\"1247\">Abrufbar unter:<br data-start=\"1262\" data-end=\"1265\"><a href=\"https:\/\/www.gesetze-im-internet.de\/hwo\/\" target=\"_new\" rel=\"noopener\" data-start=\"1265\" data-end=\"1304\">https:\/\/www.gesetze-im-internet.de\/hwo\/<\/a><\/p>\n<hr style=\"font-size: medium; font-weight: 400;\" data-start=\"1306\" data-end=\"1309\">\n<h4 style=\"color: #000000;\" data-start=\"1311\" data-end=\"1343\">Berufshaftpflichtversicherung<\/h4>\n<div>&nbsp;<\/div>\n<p style=\"font-size: medium; font-weight: 400;\" data-start=\"1345\" data-end=\"1419\"><strong data-start=\"1345\" data-end=\"1379\">R+V Allgemeine Versicherung AG<\/strong><br data-start=\"1379\" data-end=\"1382\">Mittlerer Pfad 24<br data-start=\"1399\" data-end=\"1402\">70499 Stuttgart<\/p>\n<p style=\"font-size: medium; font-weight: 400;\" data-start=\"1421\" data-end=\"1474\">Telefon: +49 (0) 800 533 11 12<br data-start=\"1451\" data-end=\"1454\">E-Mail: <a rel=\"noopener\" data-start=\"1462\" data-end=\"1472\">ruv@ruv.de<\/a><\/p>\n<p style=\"font-size: medium; font-weight: 400;\" data-start=\"1476\" data-end=\"1549\"><strong data-start=\"1476\" data-end=\"1510\">Geltungsraum der Versicherung:<\/strong><br data-start=\"1510\" data-end=\"1513\">Weltweit, ausgenommen Kanada und USA<\/p>\n<hr style=\"font-size: medium; font-weight: 400;\" data-start=\"1551\" data-end=\"1554\">\n<h4 style=\"color: #000000;\" data-start=\"1556\" data-end=\"1611\">Verantwortlich f\u00fcr den Inhalt gem\u00e4\u00df \u00a7 18 Abs. 2 MStV<\/h4>\n<p style=\"font-size: medium; font-weight: 400;\" data-start=\"1613\" data-end=\"1666\">\n<\/p><p style=\"font-size: medium; font-weight: 400;\" data-start=\"1613\" data-end=\"1666\">Martin Sch\u00e4fer<\/p>\n<p style=\"font-size: medium; font-weight: 400;\" data-start=\"1613\" data-end=\"1666\">Kolpingstra\u00dfe 2<br data-start=\"1645\" data-end=\"1648\">76831 G\u00f6cklingen<\/p>\n<hr style=\"font-size: medium; font-weight: 400;\" data-start=\"1668\" data-end=\"1671\">\n<h4 style=\"color: #000000;\" data-start=\"1673\" data-end=\"1695\">Haftung f\u00fcr Inhalte<\/h4>\n<div>&nbsp;<\/div>\n<p style=\"font-size: medium; font-weight: 400;\" data-start=\"1697\" data-end=\"2014\">Als Diensteanbieter sind wir gem\u00e4\u00df \u00a7 7 Abs. 1 DDG f\u00fcr eigene Inhalte auf diesen Seiten nach den allgemeinen Gesetzen verantwortlich.<br data-start=\"1829\" data-end=\"1832\">Wir sind jedoch nicht verpflichtet, \u00fcbermittelte oder gespeicherte fremde Informationen zu \u00fcberwachen oder nach Umst\u00e4nden zu forschen, die auf eine rechtswidrige T\u00e4tigkeit hinweisen.<\/p>\n<p style=\"font-size: medium; font-weight: 400;\" data-start=\"2016\" data-end=\"2208\">Eine Haftung ist erst ab dem Zeitpunkt der Kenntnis einer konkreten Rechtsverletzung m\u00f6glich.<br data-start=\"2109\" data-end=\"2112\">Bei Bekanntwerden entsprechender Rechtsverletzungen werden wir diese Inhalte umgehend entfernen.<\/p>\n<hr style=\"font-size: medium; font-weight: 400;\" data-start=\"2210\" data-end=\"2213\">\n<h4 style=\"color: #000000;\" data-start=\"2215\" data-end=\"2235\">Haftung f\u00fcr Links<\/h4>\n<div>&nbsp;<\/div>\n<p style=\"font-size: medium; font-weight: 400;\" data-start=\"2237\" data-end=\"2499\">Unsere Website enth\u00e4lt Links zu externen Websites Dritter, auf deren Inhalte wir keinen Einfluss haben.<br data-start=\"2340\" data-end=\"2343\">F\u00fcr diese fremden Inhalte \u00fcbernehmen wir keine Gew\u00e4hr. F\u00fcr die Inhalte der verlinkten Seiten ist stets der jeweilige Anbieter oder Betreiber verantwortlich.<\/p>\n<p style=\"font-size: medium; font-weight: 400;\" data-start=\"2501\" data-end=\"2660\">Zum Zeitpunkt der Verlinkung waren keine rechtswidrigen Inhalte erkennbar.<br data-start=\"2575\" data-end=\"2578\">Bei Bekanntwerden von Rechtsverletzungen werden derartige Links umgehend entfernt.<\/p>\n<hr style=\"font-size: medium; font-weight: 400;\" data-start=\"2662\" data-end=\"2665\">\n<h4 style=\"color: #000000;\" data-start=\"2667\" data-end=\"2682\">Urheberrecht<\/h4>\n<div>&nbsp;<\/div>\n<p style=\"font-size: medium; font-weight: 400;\" data-start=\"2684\" data-end=\"2956\">Die auf dieser Website erstellten Inhalte und Werke unterliegen dem deutschen Urheberrecht.<br data-start=\"2775\" data-end=\"2778\">Vervielf\u00e4ltigung, Bearbeitung, Verbreitung oder Verwertung au\u00dferhalb der Grenzen des Urheberrechts bed\u00fcrfen der vorherigen schriftlichen Zustimmung des jeweiligen Rechteinhabers.<\/p>\n<p style=\"font-size: medium; font-weight: 400;\" data-start=\"2958\" data-end=\"3108\">Downloads und Kopien dieser Seite sind nur f\u00fcr den privaten, nicht kommerziellen Gebrauch gestattet.<br data-start=\"3058\" data-end=\"3061\">Inhalte Dritter sind als solche gekennzeichnet.<\/p>\n<hr style=\"font-size: medium; font-weight: 400;\" data-start=\"3110\" data-end=\"3113\">\n<p style=\"font-size: medium; font-weight: 400;\" data-start=\"3115\" data-end=\"3142\">\u00a9 2026 Manfred Sch\u00e4fer GmbH<\/p>\n<p><!-- \/wp:paragraph --><\/p>\t\t\t\t\t\t\t\t<\/div>\n\t\t\t\t\t<\/div>\n\t\t\t\t<\/div>\n\t\t\t\t<\/div>\n\t\t","protected":false},"excerpt":{"rendered":"<p>Impressum &nbsp; Angaben gem\u00e4\u00df \u00a7 5 Digitale-Dienste-Gesetz (DDG) &nbsp; Manfred Sch\u00e4fer GmbHHeizungsbau \u00b7 Gas- und Wasserinstallationen Kolpingstra\u00dfe 276831 G\u00f6cklingenDeutschland Telefon: +49 (0) 6349 8573Telefax: +49 (0) 6349 6732E-Mail: info@heizungsbau-schaefer.de Vertretungsberechtigter Gesch\u00e4ftsf\u00fchrer Martin Sch\u00e4fer Registereintrag &nbsp; Eintragung im HandelsregisterRegistergericht: Amtsgericht Landau in der PfalzRegisternummer: HRB 1982 Umsatzsteuer &nbsp; Umsatzsteuer-Identifikationsnummer gem\u00e4\u00df \u00a7 27a Umsatzsteuergesetz: DE 148931878 Zust\u00e4ndige [&hellip;]<\/p>\n","protected":false},"author":1,"featured_media":0,"parent":0,"menu_order":0,"comment_status":"closed","ping_status":"open","template":"","meta":{"_monsterinsights_skip_tracking":false,"_monsterinsights_sitenote_active":false,"_monsterinsights_sitenote_note":"","_monsterinsights_sitenote_category":0,"footnotes":""},"class_list":["post-3","page","type-page","status-publish","hentry"],"aioseo_notices":[],"_links":{"self":[{"href":"https:\/\/heizungsbau-schaefer.de\/index.php?rest_route=\/wp\/v2\/pages\/3","targetHints":{"allow":["GET"]}}],"collection":[{"href":"https:\/\/heizungsbau-schaefer.de\/index.php?rest_route=\/wp\/v2\/pages"}],"about":[{"href":"https:\/\/heizungsbau-schaefer.de\/index.php?rest_route=\/wp\/v2\/types\/page"}],"author":[{"embeddable":true,"href":"https:\/\/heizungsbau-schaefer.de\/index.php?rest_route=\/wp\/v2\/users\/1"}],"replies":[{"embeddable":true,"href":"https:\/\/heizungsbau-schaefer.de\/index.php?rest_route=%2Fwp%2Fv2%2Fcomments&post=3"}],"version-history":[{"count":3,"href":"https:\/\/heizungsbau-schaefer.de\/index.php?rest_route=\/wp\/v2\/pages\/3\/revisions"}],"predecessor-version":[{"id":6546,"href":"https:\/\/heizungsbau-schaefer.de\/index.php?rest_route=\/wp\/v2\/pages\/3\/revisions\/6546"}],"wp:attachment":[{"href":"https:\/\/heizungsbau-schaefer.de\/index.php?rest_route=%2Fwp%2Fv2%2Fmedia&parent=3"}],"curies":[{"name":"wp","href":"https:\/\/api.w.org\/{rel}","templated":true}]}}